{"id":112,"date":"2024-10-29T15:37:00","date_gmt":"2024-10-29T14:37:00","guid":{"rendered":"https:\/\/evasionsecretespa.fr\/?page_id=112"},"modified":"2024-10-29T15:55:45","modified_gmt":"2024-10-29T14:55:45","slug":"decouvrir-les-alentours","status":"publish","type":"page","link":"https:\/\/evasionsecretespa.fr\/index.php\/decouvrir-les-alentours\/","title":{"rendered":"D\u00e9couvrir les alentours"},"content":{"rendered":"\n<div class=\"wp-block-columns alignwide is-layout-flex wp-container-core-columns-is-layout-28f84493 wp-block-columns-is-layout-flex\">\n<div class=\"wp-block-column is-layout-flow wp-block-column-is-layout-flow\" style=\"flex-basis:100%\">\n<p class=\"has-text-align-center\" style=\"font-size:clamp(0.984rem, 0.984rem + ((1vw - 0.2rem) * 0.86), 1.5rem);\"><strong>Le spa est situ\u00e9 \u00e0 Sainte-Marie-Kerque, lieu central pour diff\u00e9rentes activit\u00e9s touristiques et culturelles !<\/strong><\/p>\n<\/div>\n<\/div>\n\n\n\n<div class=\"wp-block-columns alignfull is-layout-flex wp-container-core-columns-is-layout-1a2ddb66 wp-block-columns-is-layout-flex\" style=\"padding-right:var(--wp--preset--spacing--30);padding-left:var(--wp--preset--spacing--30)\">\n<div class=\"wp-block-column is-layout-flow wp-block-column-is-layout-flow\">\n<div class=\"wp-block-cover is-light\"><span aria-hidden=\"true\" class=\"wp-block-cover__background has-accent-5-background-color has-background-dim-70 has-background-dim\"><\/span><img fetchpriority=\"high\" decoding=\"async\" width=\"1350\" height=\"759\" class=\"wp-block-cover__image-background wp-image-114\" alt=\"\" src=\"https:\/\/evasionsecretespa.fr\/wp-content\/uploads\/2024\/10\/B9723830933Z.1_20200625112018_000GC8G7OJB2.1-0.jpg\" data-object-fit=\"cover\" srcset=\"https:\/\/evasionsecretespa.fr\/wp-content\/uploads\/2024\/10\/B9723830933Z.1_20200625112018_000GC8G7OJB2.1-0.jpg 1350w, https:\/\/evasionsecretespa.fr\/wp-content\/uploads\/2024\/10\/B9723830933Z.1_20200625112018_000GC8G7OJB2.1-0-300x169.jpg 300w, https:\/\/evasionsecretespa.fr\/wp-content\/uploads\/2024\/10\/B9723830933Z.1_20200625112018_000GC8G7OJB2.1-0-1024x576.jpg 1024w, https:\/\/evasionsecretespa.fr\/wp-content\/uploads\/2024\/10\/B9723830933Z.1_20200625112018_000GC8G7OJB2.1-0-768x432.jpg 768w\" sizes=\"(max-width: 1350px) 100vw, 1350px\" \/><div class=\"wp-block-cover__inner-container has-global-padding is-layout-constrained wp-block-cover-is-layout-constrained\">\n<p class=\"has-text-align-center has-large-font-size\" style=\"margin-top:0;margin-bottom:0;padding-top:0;padding-bottom:0\">Centre-ville<\/p>\n\n\n\n<p class=\"has-text-align-center has-large-font-size\" style=\"margin-top:0;margin-bottom:0;padding-top:0;padding-bottom:0\"><strong>Sainte-Marie-Kerque<\/strong><\/p>\n\n\n\n<p class=\"has-text-align-center has-large-font-size\" style=\"margin-top:0;margin-bottom:0;padding-top:0;padding-bottom:0\">6,6 km<\/p>\n<\/div><\/div>\n<\/div>\n\n\n\n<div class=\"wp-block-column is-layout-flow wp-block-column-is-layout-flow\">\n<div class=\"wp-block-cover is-light\"><span aria-hidden=\"true\" class=\"wp-block-cover__background has-accent-5-background-color has-background-dim-70 has-background-dim\"><\/span><img decoding=\"async\" width=\"1350\" height=\"759\" class=\"wp-block-cover__image-background wp-image-116\" alt=\"\" src=\"https:\/\/evasionsecretespa.fr\/wp-content\/uploads\/2024\/10\/B9731719213Z.1_20220810105001_000GKUL1JS9G.4-0.jpg\" data-object-fit=\"cover\" srcset=\"https:\/\/evasionsecretespa.fr\/wp-content\/uploads\/2024\/10\/B9731719213Z.1_20220810105001_000GKUL1JS9G.4-0.jpg 1350w, https:\/\/evasionsecretespa.fr\/wp-content\/uploads\/2024\/10\/B9731719213Z.1_20220810105001_000GKUL1JS9G.4-0-300x169.jpg 300w, https:\/\/evasionsecretespa.fr\/wp-content\/uploads\/2024\/10\/B9731719213Z.1_20220810105001_000GKUL1JS9G.4-0-1024x576.jpg 1024w, https:\/\/evasionsecretespa.fr\/wp-content\/uploads\/2024\/10\/B9731719213Z.1_20220810105001_000GKUL1JS9G.4-0-768x432.jpg 768w\" sizes=\"(max-width: 1350px) 100vw, 1350px\" \/><div class=\"wp-block-cover__inner-container has-global-padding is-layout-constrained wp-block-cover-is-layout-constrained\">\n<p class=\"has-text-align-center has-large-font-size\" style=\"margin-top:0;margin-bottom:0;padding-top:0;padding-bottom:0\">Plage<\/p>\n\n\n\n<p class=\"has-text-align-center has-large-font-size\" style=\"margin-top:0;margin-bottom:0;padding-top:0;padding-bottom:0\"><strong>Grand-Fort-Philippe<\/strong><\/p>\n\n\n\n<p class=\"has-text-align-center has-large-font-size\" style=\"margin-top:0;margin-bottom:0;padding-top:0;padding-bottom:0\">14 km<\/p>\n<\/div><\/div>\n<\/div>\n\n\n\n<div class=\"wp-block-column is-layout-flow wp-block-column-is-layout-flow\">\n<div class=\"wp-block-cover is-light\"><span aria-hidden=\"true\" class=\"wp-block-cover__background has-accent-5-background-color has-background-dim-70 has-background-dim\"><\/span><img decoding=\"async\" width=\"1350\" height=\"759\" class=\"wp-block-cover__image-background wp-image-118\" alt=\"\" src=\"https:\/\/evasionsecretespa.fr\/wp-content\/uploads\/2024\/10\/B9728472464Z.1_20211003184757_000GVRJ22A2C.1-0.jpg\" data-object-fit=\"cover\" srcset=\"https:\/\/evasionsecretespa.fr\/wp-content\/uploads\/2024\/10\/B9728472464Z.1_20211003184757_000GVRJ22A2C.1-0.jpg 1350w, https:\/\/evasionsecretespa.fr\/wp-content\/uploads\/2024\/10\/B9728472464Z.1_20211003184757_000GVRJ22A2C.1-0-300x169.jpg 300w, https:\/\/evasionsecretespa.fr\/wp-content\/uploads\/2024\/10\/B9728472464Z.1_20211003184757_000GVRJ22A2C.1-0-1024x576.jpg 1024w, https:\/\/evasionsecretespa.fr\/wp-content\/uploads\/2024\/10\/B9728472464Z.1_20211003184757_000GVRJ22A2C.1-0-768x432.jpg 768w\" sizes=\"(max-width: 1350px) 100vw, 1350px\" \/><div class=\"wp-block-cover__inner-container has-global-padding is-layout-constrained wp-block-cover-is-layout-constrained\">\n<p class=\"has-text-align-center has-large-font-size\" style=\"margin-top:0;margin-bottom:0;padding-top:0;padding-bottom:0\">Piscine<\/p>\n\n\n\n<p class=\"has-text-align-center has-large-font-size\" style=\"margin-top:0;margin-bottom:0;padding-top:0;padding-bottom:0\"><strong>Bourbourg<\/strong><\/p>\n\n\n\n<p class=\"has-text-align-center has-large-font-size\" style=\"margin-top:0;margin-bottom:0;padding-top:0;padding-bottom:0\">6,8 km<\/p>\n<\/div><\/div>\n<\/div>\n<\/div>\n\n\n\n<div class=\"wp-block-columns alignfull is-layout-flex wp-container-core-columns-is-layout-1a2ddb66 wp-block-columns-is-layout-flex\" style=\"padding-right:var(--wp--preset--spacing--30);padding-left:var(--wp--preset--spacing--30)\">\n<div class=\"wp-block-column is-layout-flow wp-block-column-is-layout-flow\">\n<div class=\"wp-block-cover is-light\"><span aria-hidden=\"true\" class=\"wp-block-cover__background has-accent-5-background-color has-background-dim-70 has-background-dim\"><\/span><img loading=\"lazy\" decoding=\"async\" width=\"2000\" height=\"1333\" class=\"wp-block-cover__image-background wp-image-119\" alt=\"\" src=\"https:\/\/evasionsecretespa.fr\/wp-content\/uploads\/2024\/10\/cgc_informe_01.webp\" data-object-fit=\"cover\" srcset=\"https:\/\/evasionsecretespa.fr\/wp-content\/uploads\/2024\/10\/cgc_informe_01.webp 2000w, https:\/\/evasionsecretespa.fr\/wp-content\/uploads\/2024\/10\/cgc_informe_01-300x200.webp 300w, https:\/\/evasionsecretespa.fr\/wp-content\/uploads\/2024\/10\/cgc_informe_01-1024x682.webp 1024w, https:\/\/evasionsecretespa.fr\/wp-content\/uploads\/2024\/10\/cgc_informe_01-768x512.webp 768w, https:\/\/evasionsecretespa.fr\/wp-content\/uploads\/2024\/10\/cgc_informe_01-1536x1024.webp 1536w\" sizes=\"(max-width: 2000px) 100vw, 2000px\" \/><div class=\"wp-block-cover__inner-container has-global-padding is-layout-constrained wp-block-cover-is-layout-constrained\">\n<p class=\"has-text-align-center has-large-font-size\" style=\"margin-top:0;margin-bottom:0;padding-top:0;padding-bottom:0\">Club de Golf<\/p>\n\n\n\n<p class=\"has-text-align-center has-large-font-size\" style=\"margin-top:0;margin-bottom:0;padding-top:0;padding-bottom:0\"><strong>Ruminghem<\/strong><\/p>\n\n\n\n<p class=\"has-text-align-center has-large-font-size\" style=\"margin-top:0;margin-bottom:0;padding-top:0;padding-bottom:0\">10,8 km<\/p>\n<\/div><\/div>\n<\/div>\n\n\n\n<div class=\"wp-block-column is-layout-flow wp-block-column-is-layout-flow\">\n<div class=\"wp-block-cover is-light\"><span aria-hidden=\"true\" class=\"wp-block-cover__background has-accent-5-background-color has-background-dim-100 has-background-dim\"><\/span><img decoding=\"async\" width=\"1350\" height=\"759\" class=\"wp-block-cover__image-background wp-image-116\" alt=\"\" src=\"https:\/\/evasionsecretespa.fr\/wp-content\/uploads\/2024\/10\/B9731719213Z.1_20220810105001_000GKUL1JS9G.4-0.jpg\" data-object-fit=\"cover\" srcset=\"https:\/\/evasionsecretespa.fr\/wp-content\/uploads\/2024\/10\/B9731719213Z.1_20220810105001_000GKUL1JS9G.4-0.jpg 1350w, https:\/\/evasionsecretespa.fr\/wp-content\/uploads\/2024\/10\/B9731719213Z.1_20220810105001_000GKUL1JS9G.4-0-300x169.jpg 300w, https:\/\/evasionsecretespa.fr\/wp-content\/uploads\/2024\/10\/B9731719213Z.1_20220810105001_000GKUL1JS9G.4-0-1024x576.jpg 1024w, https:\/\/evasionsecretespa.fr\/wp-content\/uploads\/2024\/10\/B9731719213Z.1_20220810105001_000GKUL1JS9G.4-0-768x432.jpg 768w\" sizes=\"(max-width: 1350px) 100vw, 1350px\" \/><div class=\"wp-block-cover__inner-container has-global-padding is-layout-constrained wp-block-cover-is-layout-constrained\">\n<p class=\"has-text-align-center has-large-font-size\" style=\"margin-top:0;margin-bottom:0;padding-top:0;padding-bottom:0\">Commerces<\/p>\n\n\n\n<p class=\"has-text-align-center has-large-font-size\" style=\"margin-top:0;margin-bottom:0;padding-top:0;padding-bottom:0\"><strong>Sainte-Marie-Kerque<\/strong><\/p>\n\n\n\n<p class=\"has-text-align-center has-large-font-size\" style=\"margin-top:0;margin-bottom:0;padding-top:0;padding-bottom:0\">6,2 km<\/p>\n<\/div><\/div>\n<\/div>\n\n\n\n<div class=\"wp-block-column is-layout-flow wp-block-column-is-layout-flow\">\n<div class=\"wp-block-cover is-light\"><span aria-hidden=\"true\" class=\"wp-block-cover__background has-accent-5-background-color has-background-dim-70 has-background-dim\"><\/span><img loading=\"lazy\" decoding=\"async\" width=\"999\" height=\"562\" class=\"wp-block-cover__image-background wp-image-120\" alt=\"\" src=\"https:\/\/evasionsecretespa.fr\/wp-content\/uploads\/2024\/10\/da2ea246-e24f-4772-9918-6456b41ba9d3@2x.jpg\" data-object-fit=\"cover\" srcset=\"https:\/\/evasionsecretespa.fr\/wp-content\/uploads\/2024\/10\/da2ea246-e24f-4772-9918-6456b41ba9d3@2x.jpg 999w, https:\/\/evasionsecretespa.fr\/wp-content\/uploads\/2024\/10\/da2ea246-e24f-4772-9918-6456b41ba9d3@2x-300x169.jpg 300w, https:\/\/evasionsecretespa.fr\/wp-content\/uploads\/2024\/10\/da2ea246-e24f-4772-9918-6456b41ba9d3@2x-768x432.jpg 768w\" sizes=\"(max-width: 999px) 100vw, 999px\" \/><div class=\"wp-block-cover__inner-container has-global-padding is-layout-constrained wp-block-cover-is-layout-constrained\">\n<p class=\"has-text-align-center has-large-font-size\" style=\"margin-top:0;margin-bottom:0;padding-top:0;padding-bottom:0\">March\u00e9<\/p>\n\n\n\n<p class=\"has-text-align-center has-large-font-size\" style=\"margin-top:0;margin-bottom:0;padding-top:0;padding-bottom:0\"><strong>Audruicq<\/strong><\/p>\n\n\n\n<p class=\"has-text-align-center has-large-font-size\" style=\"margin-top:0;margin-bottom:0;padding-top:0;padding-bottom:0\">6,6 km<\/p>\n<\/div><\/div>\n<\/div>\n<\/div>\n\n\n\n<div class=\"wp-block-columns alignfull is-layout-flex wp-container-core-columns-is-layout-1a2ddb66 wp-block-columns-is-layout-flex\" style=\"padding-right:var(--wp--preset--spacing--30);padding-left:var(--wp--preset--spacing--30)\">\n<div class=\"wp-block-column is-layout-flow wp-block-column-is-layout-flow\">\n<div class=\"wp-block-cover is-light\"><span aria-hidden=\"true\" class=\"wp-block-cover__background has-accent-5-background-color has-background-dim-70 has-background-dim\"><\/span><img loading=\"lazy\" decoding=\"async\" width=\"1600\" height=\"1060\" class=\"wp-block-cover__image-background wp-image-121\" alt=\"\" src=\"https:\/\/evasionsecretespa.fr\/wp-content\/uploads\/2024\/10\/optimized.jpg\" data-object-fit=\"cover\" srcset=\"https:\/\/evasionsecretespa.fr\/wp-content\/uploads\/2024\/10\/optimized.jpg 1600w, https:\/\/evasionsecretespa.fr\/wp-content\/uploads\/2024\/10\/optimized-300x199.jpg 300w, https:\/\/evasionsecretespa.fr\/wp-content\/uploads\/2024\/10\/optimized-1024x678.jpg 1024w, https:\/\/evasionsecretespa.fr\/wp-content\/uploads\/2024\/10\/optimized-768x509.jpg 768w, https:\/\/evasionsecretespa.fr\/wp-content\/uploads\/2024\/10\/optimized-1536x1018.jpg 1536w\" sizes=\"(max-width: 1600px) 100vw, 1600px\" \/><div class=\"wp-block-cover__inner-container has-global-padding is-layout-constrained wp-block-cover-is-layout-constrained\">\n<p class=\"has-text-align-center has-large-font-size\" style=\"margin-top:0;margin-bottom:0;padding-top:0;padding-bottom:0\">R\u00e9serve naturelle du Platier d&rsquo;Oye<\/p>\n\n\n\n<p class=\"has-text-align-center has-large-font-size\" style=\"margin-top:0;margin-bottom:0;padding-top:0;padding-bottom:0\"><strong>Oye-plage<\/strong><\/p>\n\n\n\n<p class=\"has-text-align-center has-large-font-size\" style=\"margin-top:0;margin-bottom:0;padding-top:0;padding-bottom:0\">15 km<\/p>\n<\/div><\/div>\n<\/div>\n\n\n\n<div class=\"wp-block-column is-layout-flow wp-block-column-is-layout-flow\">\n<div class=\"wp-block-cover is-light\"><span aria-hidden=\"true\" class=\"wp-block-cover__background has-accent-5-background-color has-background-dim-100 has-background-dim\"><\/span><img decoding=\"async\" width=\"1350\" height=\"759\" class=\"wp-block-cover__image-background wp-image-116\" alt=\"\" src=\"https:\/\/evasionsecretespa.fr\/wp-content\/uploads\/2024\/10\/B9731719213Z.1_20220810105001_000GKUL1JS9G.4-0.jpg\" data-object-fit=\"cover\" srcset=\"https:\/\/evasionsecretespa.fr\/wp-content\/uploads\/2024\/10\/B9731719213Z.1_20220810105001_000GKUL1JS9G.4-0.jpg 1350w, https:\/\/evasionsecretespa.fr\/wp-content\/uploads\/2024\/10\/B9731719213Z.1_20220810105001_000GKUL1JS9G.4-0-300x169.jpg 300w, https:\/\/evasionsecretespa.fr\/wp-content\/uploads\/2024\/10\/B9731719213Z.1_20220810105001_000GKUL1JS9G.4-0-1024x576.jpg 1024w, https:\/\/evasionsecretespa.fr\/wp-content\/uploads\/2024\/10\/B9731719213Z.1_20220810105001_000GKUL1JS9G.4-0-768x432.jpg 768w\" sizes=\"(max-width: 1350px) 100vw, 1350px\" \/><div class=\"wp-block-cover__inner-container has-global-padding is-layout-constrained wp-block-cover-is-layout-constrained\">\n<p class=\"has-text-align-center has-large-font-size\" style=\"margin-top:0;margin-bottom:0;padding-top:0;padding-bottom:0\">Restaurants<\/p>\n\n\n\n<p class=\"has-text-align-center has-large-font-size\" style=\"margin-top:0;margin-bottom:0;padding-top:0;padding-bottom:0\"><strong>Sainte-Marie-Kerque<\/strong><\/p>\n\n\n\n<p class=\"has-text-align-center has-large-font-size\" style=\"margin-top:0;margin-bottom:0;padding-top:0;padding-bottom:0\">6,6 km<\/p>\n<\/div><\/div>\n<\/div>\n\n\n\n<div class=\"wp-block-column is-layout-flow wp-block-column-is-layout-flow\">\n<div class=\"wp-block-cover is-light\"><span aria-hidden=\"true\" class=\"wp-block-cover__background has-accent-5-background-color has-background-dim-70 has-background-dim\"><\/span><img loading=\"lazy\" decoding=\"async\" width=\"1024\" height=\"512\" class=\"wp-block-cover__image-background wp-image-122\" alt=\"\" src=\"https:\/\/evasionsecretespa.fr\/wp-content\/uploads\/2024\/10\/image.jpg\" data-object-fit=\"cover\" srcset=\"https:\/\/evasionsecretespa.fr\/wp-content\/uploads\/2024\/10\/image.jpg 1024w, https:\/\/evasionsecretespa.fr\/wp-content\/uploads\/2024\/10\/image-300x150.jpg 300w, https:\/\/evasionsecretespa.fr\/wp-content\/uploads\/2024\/10\/image-768x384.jpg 768w\" sizes=\"(max-width: 1024px) 100vw, 1024px\" \/><div class=\"wp-block-cover__inner-container has-global-padding is-layout-constrained wp-block-cover-is-layout-constrained\">\n<p class=\"has-text-align-center has-large-font-size\" style=\"margin-top:0;margin-bottom:0;padding-top:0;padding-bottom:0\">F\u00f4ret<\/p>\n\n\n\n<p class=\"has-text-align-center has-large-font-size\" style=\"margin-top:0;margin-bottom:0;padding-top:0;padding-bottom:0\"><strong>Eperlecques<\/strong><\/p>\n\n\n\n<p class=\"has-text-align-center has-large-font-size\" style=\"margin-top:0;margin-bottom:0;padding-top:0;padding-bottom:0\">15 km<\/p>\n<\/div><\/div>\n<\/div>\n<\/div>\n\n\n\n<div class=\"wp-block-columns alignfull is-layout-flex wp-container-core-columns-is-layout-1a2ddb66 wp-block-columns-is-layout-flex\" style=\"padding-right:var(--wp--preset--spacing--30);padding-left:var(--wp--preset--spacing--30)\">\n<div class=\"wp-block-column is-layout-flow wp-block-column-is-layout-flow\">\n<div class=\"wp-block-cover is-light\"><span aria-hidden=\"true\" class=\"wp-block-cover__background has-accent-5-background-color has-background-dim-70 has-background-dim\"><\/span><img loading=\"lazy\" decoding=\"async\" width=\"2560\" height=\"1502\" class=\"wp-block-cover__image-background wp-image-123\" alt=\"\" src=\"https:\/\/evasionsecretespa.fr\/wp-content\/uploads\/2024\/10\/Eperlecques_-_Vue_generale-scaled.jpg\" data-object-fit=\"cover\" srcset=\"https:\/\/evasionsecretespa.fr\/wp-content\/uploads\/2024\/10\/Eperlecques_-_Vue_generale-scaled.jpg 2560w, https:\/\/evasionsecretespa.fr\/wp-content\/uploads\/2024\/10\/Eperlecques_-_Vue_generale-300x176.jpg 300w, https:\/\/evasionsecretespa.fr\/wp-content\/uploads\/2024\/10\/Eperlecques_-_Vue_generale-1024x601.jpg 1024w, https:\/\/evasionsecretespa.fr\/wp-content\/uploads\/2024\/10\/Eperlecques_-_Vue_generale-768x451.jpg 768w, https:\/\/evasionsecretespa.fr\/wp-content\/uploads\/2024\/10\/Eperlecques_-_Vue_generale-1536x901.jpg 1536w, https:\/\/evasionsecretespa.fr\/wp-content\/uploads\/2024\/10\/Eperlecques_-_Vue_generale-2048x1202.jpg 2048w\" sizes=\"(max-width: 2560px) 100vw, 2560px\" \/><div class=\"wp-block-cover__inner-container has-global-padding is-layout-constrained wp-block-cover-is-layout-constrained\">\n<p class=\"has-text-align-center has-large-font-size\" style=\"margin-top:0;margin-bottom:0;padding-top:0;padding-bottom:0\">Blockhaus<\/p>\n\n\n\n<p class=\"has-text-align-center has-large-font-size\" style=\"margin-top:0;margin-bottom:0;padding-top:0;padding-bottom:0\"><strong>Eperlecques<\/strong><\/p>\n\n\n\n<p class=\"has-text-align-center has-large-font-size\" style=\"margin-top:0;margin-bottom:0;padding-top:0;padding-bottom:0\">15 km<\/p>\n<\/div><\/div>\n<\/div>\n\n\n\n<div class=\"wp-block-column is-layout-flow wp-block-column-is-layout-flow\">\n<div class=\"wp-block-cover is-light\"><span aria-hidden=\"true\" class=\"wp-block-cover__background has-accent-5-background-color has-background-dim-70 has-background-dim\"><\/span><img loading=\"lazy\" decoding=\"async\" width=\"640\" height=\"480\" class=\"wp-block-cover__image-background wp-image-126\" alt=\"\" src=\"http:\/\/evasionsecretespa.fr\/wp-content\/uploads\/2024\/10\/porte-aux-boules-gravelines-fortifications-davidgilmour79-640x480-1.jpg\" data-object-fit=\"cover\" srcset=\"https:\/\/evasionsecretespa.fr\/wp-content\/uploads\/2024\/10\/porte-aux-boules-gravelines-fortifications-davidgilmour79-640x480-1.jpg 640w, https:\/\/evasionsecretespa.fr\/wp-content\/uploads\/2024\/10\/porte-aux-boules-gravelines-fortifications-davidgilmour79-640x480-1-300x225.jpg 300w\" sizes=\"(max-width: 640px) 100vw, 640px\" \/><div class=\"wp-block-cover__inner-container has-global-padding is-layout-constrained wp-block-cover-is-layout-constrained\">\n<p class=\"has-text-align-center has-large-font-size\" style=\"margin-top:0;margin-bottom:0;padding-top:0;padding-bottom:0\">Visite des remparts<\/p>\n\n\n\n<p class=\"has-text-align-center has-large-font-size\" style=\"margin-top:0;margin-bottom:0;padding-top:0;padding-bottom:0\"><strong>Gravelines<\/strong><\/p>\n\n\n\n<p class=\"has-text-align-center has-large-font-size\" style=\"margin-top:0;margin-bottom:0;padding-top:0;padding-bottom:0\">11 km<\/p>\n<\/div><\/div>\n<\/div>\n\n\n\n<div class=\"wp-block-column is-layout-flow wp-block-column-is-layout-flow\">\n<div class=\"wp-block-cover is-light\"><span aria-hidden=\"true\" class=\"wp-block-cover__background has-accent-5-background-color has-background-dim-70 has-background-dim\"><\/span><img loading=\"lazy\" decoding=\"async\" width=\"660\" height=\"440\" class=\"wp-block-cover__image-background wp-image-124\" alt=\"\" src=\"https:\/\/evasionsecretespa.fr\/wp-content\/uploads\/2024\/10\/La-cathedrale-de-Saint-Omer_page.jpg\" data-object-fit=\"cover\" srcset=\"https:\/\/evasionsecretespa.fr\/wp-content\/uploads\/2024\/10\/La-cathedrale-de-Saint-Omer_page.jpg 660w, https:\/\/evasionsecretespa.fr\/wp-content\/uploads\/2024\/10\/La-cathedrale-de-Saint-Omer_page-300x200.jpg 300w\" sizes=\"(max-width: 660px) 100vw, 660px\" \/><div class=\"wp-block-cover__inner-container has-global-padding is-layout-constrained wp-block-cover-is-layout-constrained\">\n<p class=\"has-text-align-center has-large-font-size\" style=\"margin-top:0;margin-bottom:0;padding-top:0;padding-bottom:0\">Centre-ville<\/p>\n\n\n\n<p class=\"has-text-align-center has-large-font-size\" style=\"margin-top:0;margin-bottom:0;padding-top:0;padding-bottom:0\"><strong>Saint-Omer<\/strong><\/p>\n\n\n\n<p class=\"has-text-align-center has-large-font-size\" style=\"margin-top:0;margin-bottom:0;padding-top:0;padding-bottom:0\">22 km<\/p>\n<\/div><\/div>\n<\/div>\n<\/div>\n\n\n\n<p><\/p>\n","protected":false},"excerpt":{"rendered":"<p>Le spa est situ\u00e9 \u00e0 Sainte-Marie-Kerque, lieu central pour diff\u00e9rentes activit\u00e9s touristiques et culturelles !<\/p>\n","protected":false},"author":1,"featured_media":0,"parent":0,"menu_order":0,"comment_status":"closed","ping_status":"closed","template":"","meta":{"footnotes":""},"class_list":["post-112","page","type-page","status-publish","hentry"],"_links":{"self":[{"href":"https:\/\/evasionsecretespa.fr\/index.php\/wp-json\/wp\/v2\/pages\/112","targetHints":{"allow":["GET"]}}],"collection":[{"href":"https:\/\/evasionsecretespa.fr\/index.php\/wp-json\/wp\/v2\/pages"}],"about":[{"href":"https:\/\/evasionsecretespa.fr\/index.php\/wp-json\/wp\/v2\/types\/page"}],"author":[{"embeddable":true,"href":"https:\/\/evasionsecretespa.fr\/index.php\/wp-json\/wp\/v2\/users\/1"}],"replies":[{"embeddable":true,"href":"https:\/\/evasionsecretespa.fr\/index.php\/wp-json\/wp\/v2\/comments?post=112"}],"version-history":[{"count":3,"href":"https:\/\/evasionsecretespa.fr\/index.php\/wp-json\/wp\/v2\/pages\/112\/revisions"}],"predecessor-version":[{"id":128,"href":"https:\/\/evasionsecretespa.fr\/index.php\/wp-json\/wp\/v2\/pages\/112\/revisions\/128"}],"wp:attachment":[{"href":"https:\/\/evasionsecretespa.fr\/index.php\/wp-json\/wp\/v2\/media?parent=112"}],"curies":[{"name":"wp","href":"https:\/\/api.w.org\/{rel}","templated":true}]}}